{"id":1355,"date":"2019-03-22T08:03:27","date_gmt":"2019-03-22T08:03:27","guid":{"rendered":"https:\/\/innospiring.de\/?page_id=1355"},"modified":"2023-01-23T14:45:05","modified_gmt":"2023-01-23T14:45:05","slug":"kontakt","status":"publish","type":"page","link":"https:\/\/innospiring.de\/?page_id=1355","title":{"rendered":"innospiring &#8211; auf den Punkt gebracht"},"content":{"rendered":"<p>Seit 14 Jahren ber\u00e4t innospiring Firmen bei der Implementierung von Projekten zum Innovationsmanagement, der Entwicklung neuartiger Produkte und der Digitalisierung von Arbeitsprozessen.<\/p>\n<p>Seit 11 Jahren entwickelt innospiring eigene Produkte und vermarktet diese in Zusammenarbeit mit Partnern.<\/p>\n<p>Dr. Martin Neumann &#8211; Gesch\u00e4ftsf\u00fchrer und Kopf von innospiring &#8211; erhielt seinen Doktortitel 1994 f\u00fcr eine Arbeit \u00fcber Quantenchemie und arbeitete anschliessend 12 Jahre in internationalen Projekten f\u00fcr das Unternehmen Bayer, als Entwickler f\u00fcr IT-Systeme f\u00fcr Forschung und Entwicklung, als leitender Softwarearchitekt und als Innovationsmanager.<\/p>\n<p>In 2007 gr\u00fcndete er zusammen mit einem Partner das Smart Home-Unternehmen tecolo und in 2009 die innospiring GmbH.<\/p>\n<p>2013\/2014 entwickelte innospiring das weltweit erste Smartphone-basierte Augmented Reality See-Through Produkt f\u00fcr den Konsumentenbereich: <a href=\"https:\/\/universe2go.com\/de\">universe2go<\/a>.<\/p>\n<p>Martins langj\u00e4hrige Praxiserfahrung aus \u00fcber 30 Jahren bringt er erfolgreich in Beratungsprojekte ein, z.B. zur Digitalisierung von Arbeitsprozessen oder von Innovationsprozessen.<\/p>\n<p>Aktuell arbeitet innospiring daran die Amateur-Astronomie mit einem ganz neuen revolution\u00e4rem digitalen Teleskopsystem zu ver\u00e4ndern.<\/p>\n","protected":false},"excerpt":{"rendered":"<p>Seit 14 Jahren ber\u00e4t innospiring Firmen bei der Implementierung von Projekten zum Innovationsmanagement, der Entwicklung neuartiger Produkte und der Digitalisierung von Arbeitsprozessen. Seit 11 Jahren entwickelt innospiring eigene Produkte und vermarktet diese in Zusammenarbeit mit Partnern. Dr. Martin Neumann &#8211; Gesch\u00e4ftsf\u00fchrer und Kopf von innospiring &#8211; erhielt seinen Doktortitel 1994 f\u00fcr eine Arbeit \u00fcber Quantenchemie &hellip; <a href=\"https:\/\/innospiring.de\/?page_id=1355\" title=\"innospiring &#8211; auf den Punkt gebracht\" class=\"read-more\">Read More<\/a><\/p>\n","protected":false},"author":1,"featured_media":0,"parent":0,"menu_order":0,"comment_status":"closed","ping_status":"closed","template":"","meta":{"footnotes":""},"class_list":["post-1355","page","type-page","status-publish","hentry"],"_links":{"self":[{"href":"https:\/\/innospiring.de\/index.php?rest_route=\/wp\/v2\/pages\/1355","targetHints":{"allow":["GET"]}}],"collection":[{"href":"https:\/\/innospiring.de\/index.php?rest_route=\/wp\/v2\/pages"}],"about":[{"href":"https:\/\/innospiring.de\/index.php?rest_route=\/wp\/v2\/types\/page"}],"author":[{"embeddable":true,"href":"https:\/\/innospiring.de\/index.php?rest_route=\/wp\/v2\/users\/1"}],"replies":[{"embeddable":true,"href":"https:\/\/innospiring.de\/index.php?rest_route=%2Fwp%2Fv2%2Fcomments&post=1355"}],"version-history":[{"count":7,"href":"https:\/\/innospiring.de\/index.php?rest_route=\/wp\/v2\/pages\/1355\/revisions"}],"predecessor-version":[{"id":1486,"href":"https:\/\/innospiring.de\/index.php?rest_route=\/wp\/v2\/pages\/1355\/revisions\/1486"}],"wp:attachment":[{"href":"https:\/\/innospiring.de\/index.php?rest_route=%2Fwp%2Fv2%2Fmedia&parent=1355"}],"curies":[{"name":"wp","href":"https:\/\/api.w.org\/{rel}","templated":true}]}}